{"id":8,"date":"2016-08-25T00:35:24","date_gmt":"2016-08-24T22:35:24","guid":{"rendered":"http:\/\/planenergy.de\/site\/?page_id=8"},"modified":"2023-12-14T11:28:49","modified_gmt":"2023-12-14T10:28:49","slug":"leistungsangebot","status":"publish","type":"page","link":"http:\/\/planenergy.de\/site\/leistungsangebot\/","title":{"rendered":"Unser Leistungsangebot"},"content":{"rendered":"<p><strong>Energieeffizientes Bauen ist unsere Passion.\u00a0<\/strong><br \/>Deshalb steht Ihnen unser Expertenteam mit individuelle Beratung zur Seite, wenn es darum geht, Ihre Immobilie energieeffizient zu gestalten. Denn: Jede Immobilie ist einzigartig. Wir f\u00fchren daher detaillierte Geb\u00e4udeanalysen durch, um auf Ihre spezifischen Bed\u00fcrfnisse einzugehen und gleichzeitig offizielle Vorgaben zu ber\u00fccksichtigen.<\/p>\n<p>Von der Erstberatung bis zur Umsetzung stehen wir Ihnen mit unserem Fachwissen und Engagement zur Seite, um Ihre Immobilie energieeffizienter zu gestalten. Durch die langj\u00e4hrige Erfahrung im Bereich des Bauen, Renovieren und Sanierens und die Weiterbildung im Bereich der Energieberatung k\u00f6nnen wir Sie umfangreich unterst\u00fctzen, sowohl bei der energetischen Konzeption als auch bei der Beantragung von m\u00f6glichen F\u00f6rdermitteln.<\/p>\n\n\n<div class=\"wp-block-media-text is-stacked-on-mobile\"><figure class=\"wp-block-media-text__media\"><img loading=\"lazy\" decoding=\"async\" width=\"1024\" height=\"576\" src=\"http:\/\/planenergy.de\/site\/wp-content\/uploads\/2023\/12\/adobestock_153888363-1024x576.jpg\" alt=\"\" class=\"wp-image-40 size-full\" srcset=\"http:\/\/planenergy.de\/site\/wp-content\/uploads\/2023\/12\/adobestock_153888363-1024x576.jpg 1024w, http:\/\/planenergy.de\/site\/wp-content\/uploads\/2023\/12\/adobestock_153888363-300x169.jpg 300w, http:\/\/planenergy.de\/site\/wp-content\/uploads\/2023\/12\/adobestock_153888363-768x432.jpg 768w, http:\/\/planenergy.de\/site\/wp-content\/uploads\/2023\/12\/adobestock_153888363-1536x864.jpg 1536w, http:\/\/planenergy.de\/site\/wp-content\/uploads\/2023\/12\/adobestock_153888363.jpg 1920w\" sizes=\"(max-width: 1024px) 100vw, 1024px\" \/><\/figure><div class=\"wp-block-media-text__content\">\n<h3 class=\"wp-block-heading\">Energieberatung f\u00fcr Wohngeb\u00e4ude<\/h3>\n\n\n\n<p>Sie m\u00f6chten Ihr Eigenheim energetisch sanieren oder planen gerade Ihr Traumhaus und brauchen einen Energieberater? Wir von Plan Energy sind Ihr Partner rund um die energetische Fachplanung. Gerade, wenn Sie H\u00e4user nach KfW-Standard bauen oder sanieren m\u00f6chten, ist kompetente Beratung und Baubegleitung eine Entlastung f\u00fcr Sie als Bauherren. Wir unterst\u00fctzen Sie bei der Beantragung von F\u00f6rdermitteln, Krediten und Zusch\u00fcssen und helfen Ihnen das Beste aus Ihrem Zuhause zu machen.<\/p>\n<\/div><\/div>\n\n\n\n<div class=\"wp-block-media-text has-media-on-the-right is-stacked-on-mobile\"><div class=\"wp-block-media-text__content\">\n<h3 class=\"wp-block-heading\">Energieberatung f\u00fcr Nichtwohngeb\u00e4ude<\/h3>\n\n\n\n<p>Auch bei Geb\u00e4uden, die nicht bewohnt, aber dennoch genutzt werden, ist die Energieeffizienz ein wichtiges Thema. Bei der Sanierung sind hier \u00e4hnliche F\u00f6rderstufen m\u00f6glich, daher k\u00f6nnen Sie auch beim Bau oder der Sanierung Ihres Nutzgeb\u00e4udes auf die Unterst\u00fctzung von Plan Energy setzen.<\/p>\n<\/div><figure class=\"wp-block-media-text__media\"><img loading=\"lazy\" decoding=\"async\" width=\"1024\" height=\"576\" src=\"http:\/\/planenergy.de\/site\/wp-content\/uploads\/2023\/12\/adobestock_216800503-1024x576.jpg\" alt=\"\" class=\"wp-image-41 size-full\" srcset=\"http:\/\/planenergy.de\/site\/wp-content\/uploads\/2023\/12\/adobestock_216800503-1024x576.jpg 1024w, http:\/\/planenergy.de\/site\/wp-content\/uploads\/2023\/12\/adobestock_216800503-300x169.jpg 300w, http:\/\/planenergy.de\/site\/wp-content\/uploads\/2023\/12\/adobestock_216800503-768x432.jpg 768w, http:\/\/planenergy.de\/site\/wp-content\/uploads\/2023\/12\/adobestock_216800503-1536x864.jpg 1536w, http:\/\/planenergy.de\/site\/wp-content\/uploads\/2023\/12\/adobestock_216800503.jpg 1920w\" sizes=\"(max-width: 1024px) 100vw, 1024px\" \/><\/figure><\/div>\n","protected":false},"excerpt":{"rendered":"<p>Energieeffizientes Bauen ist unsere Passion.\u00a0Deshalb steht Ihnen unser Expertenteam mit individuelle Beratung zur Seite, wenn es darum geht, Ihre Immobilie energieeffizient zu gestalten. Denn: Jede Immobilie ist einzigartig. Wir f\u00fchren daher detaillierte Geb\u00e4udeanalysen durch, um auf Ihre spezifischen Bed\u00fcrfnisse einzugehen und gleichzeitig offizielle Vorgaben zu ber\u00fccksichtigen. Von der Erstberatung bis zur Umsetzung stehen wir Ihnen &#8230; <a title=\"Unser Leistungsangebot\" class=\"read-more\" href=\"http:\/\/planenergy.de\/site\/leistungsangebot\/\" aria-label=\"Mehr dazu unter Unser Leistungsangebot\">Weiterlesen<\/a><\/p>\n","protected":false},"author":1,"featured_media":0,"parent":0,"menu_order":0,"comment_status":"closed","ping_status":"closed","template":"","meta":{"footnotes":""},"_links":{"self":[{"href":"http:\/\/planenergy.de\/site\/wp-json\/wp\/v2\/pages\/8"}],"collection":[{"href":"http:\/\/planenergy.de\/site\/wp-json\/wp\/v2\/pages"}],"about":[{"href":"http:\/\/planenergy.de\/site\/wp-json\/wp\/v2\/types\/page"}],"author":[{"embeddable":true,"href":"http:\/\/planenergy.de\/site\/wp-json\/wp\/v2\/users\/1"}],"replies":[{"embeddable":true,"href":"http:\/\/planenergy.de\/site\/wp-json\/wp\/v2\/comments?post=8"}],"version-history":[{"count":9,"href":"http:\/\/planenergy.de\/site\/wp-json\/wp\/v2\/pages\/8\/revisions"}],"predecessor-version":[{"id":69,"href":"http:\/\/planenergy.de\/site\/wp-json\/wp\/v2\/pages\/8\/revisions\/69"}],"wp:attachment":[{"href":"http:\/\/planenergy.de\/site\/wp-json\/wp\/v2\/media?parent=8"}],"curies":[{"name":"wp","href":"https:\/\/api.w.org\/{rel}","templated":true}]}}